{"id":149884,"date":"2025-04-10T18:54:56","date_gmt":"2025-04-10T16:54:56","guid":{"rendered":"https:\/\/aluminova.pl\/?page_id=149884"},"modified":"2025-12-28T20:19:06","modified_gmt":"2025-12-28T19:19:06","slug":"aluminiumfenster","status":"publish","type":"page","link":"https:\/\/aluminova.pl\/de\/okna-aluminiowe\/","title":{"rendered":"Aluminium-Fenster"},"content":{"rendered":"\t\t<div data-elementor-type=\"wp-page\" data-elementor-id=\"149884\" class=\"elementor elementor-149884\" data-elementor-post-type=\"page\">\n\t\t\t\t\t\t<section class=\"elementor-section elementor-top-section elementor-element elementor-element-3b69d86 elementor-section-height-full ct-section-stretched elementor-section-full_width elementor-section-height-default elementor-section-items-middle\" data-id=\"3b69d86\" data-element_type=\"section\" data-settings=\"{&quot;background_background&quot;:&quot;classic&quot;,&quot;background_motion_fx_motion_fx_scrolling&quot;:&quot;yes&quot;,&quot;background_motion_fx_translateY_effect&quot;:&quot;yes&quot;,&quot;background_motion_fx_translateY_speed&quot;:{&quot;unit&quot;:&quot;px&quot;,&quot;size&quot;:1.1,&quot;sizes&quot;:[]},&quot;background_motion_fx_translateY_affectedRange&quot;:{&quot;unit&quot;:&quot;%&quot;,&quot;size&quot;:&quot;&quot;,&quot;sizes&quot;:{&quot;start&quot;:0,&quot;end&quot;:100}},&quot;background_motion_fx_devices&quot;:[&quot;desktop&quot;,&quot;tablet&quot;,&quot;mobile&quot;]}\">\n\t\t\t\t\t\t<div class=\"elementor-container elementor-column-gap-no\">\n\t\t\t\t\t<div class=\"elementor-column elementor-col-100 elementor-top-column elementor-element elementor-element-5af2ac5 animated-fast elementor-invisible\" data-id=\"5af2ac5\" data-element_type=\"column\" data-settings=\"{&quot;animation&quot;:&quot;fadeInUp&quot;}\">\n\t\t\t<div class=\"elementor-widget-wrap elementor-element-populated\">\n\t\t\t\t\t\t<div class=\"elementor-element elementor-element-075b298 elementor-widget elementor-widget-spacer\" data-id=\"075b298\" data-element_type=\"widget\" data-widget_type=\"spacer.default\">\n\t\t\t\t<div class=\"elementor-widget-container\">\n\t\t\t\t\t\t\t<div class=\"elementor-spacer\">\n\t\t\t<div class=\"elementor-spacer-inner\"><\/div>\n\t\t<\/div>\n\t\t\t\t\t\t<\/div>\n\t\t\t\t<\/div>\n\t\t\t\t<div class=\"elementor-element elementor-element-b726167 elementor-widget elementor-widget-heading\" data-id=\"b726167\" data-element_type=\"widget\" data-widget_type=\"heading.default\">\n\t\t\t\t<div class=\"elementor-widget-container\">\n\t\t\t\t\t<h2 class=\"elementor-heading-title elementor-size-default\">Okna aluminiowe<\/h2>\t\t\t\t<\/div>\n\t\t\t\t<\/div>\n\t\t\t\t<div class=\"elementor-element elementor-element-02f26ac elementor-widget elementor-widget-spacer\" data-id=\"02f26ac\" data-element_type=\"widget\" data-widget_type=\"spacer.default\">\n\t\t\t\t<div class=\"elementor-widget-container\">\n\t\t\t\t\t\t\t<div class=\"elementor-spacer\">\n\t\t\t<div class=\"elementor-spacer-inner\"><\/div>\n\t\t<\/div>\n\t\t\t\t\t\t<\/div>\n\t\t\t\t<\/div>\n\t\t\t\t\t<\/div>\n\t\t<\/div>\n\t\t\t\t\t<\/div>\n\t\t<\/section>\n\t\t\t\t<section class=\"elementor-section elementor-top-section elementor-element elementor-element-440b8db elementor-section-content-middle elementor-section-boxed elementor-section-height-default elementor-section-height-default\" data-id=\"440b8db\" data-element_type=\"section\">\n\t\t\t\t\t\t<div class=\"elementor-container elementor-column-gap-default\">\n\t\t\t\t\t<div class=\"elementor-column elementor-col-50 elementor-top-column elementor-element elementor-element-1f9c8f4\" data-id=\"1f9c8f4\" data-element_type=\"column\">\n\t\t\t<div class=\"elementor-widget-wrap elementor-element-populated\">\n\t\t\t\t\t\t<div class=\"elementor-element elementor-element-125cd71 elementor-widget elementor-widget-image\" data-id=\"125cd71\" data-element_type=\"widget\" data-widget_type=\"image.default\">\n\t\t\t\t<div class=\"elementor-widget-container\">\n\t\t\t\t\t\t\t\t\t\t\t\t\t\t\t<img fetchpriority=\"high\" decoding=\"async\" width=\"736\" height=\"981\" src=\"https:\/\/aluminova.pl\/wp-content\/uploads\/2024\/02\/2-1.jpeg\" class=\"attachment-large size-large wp-image-149714\" alt=\"\" srcset=\"https:\/\/aluminova.pl\/wp-content\/uploads\/2024\/02\/2-1.jpeg 736w, https:\/\/aluminova.pl\/wp-content\/uploads\/2024\/02\/2-1-300x400.jpeg 300w, https:\/\/aluminova.pl\/wp-content\/uploads\/2024\/02\/2-1-600x800.jpeg 600w, https:\/\/aluminova.pl\/wp-content\/uploads\/2024\/02\/2-1-225x300.jpeg 225w\" sizes=\"(max-width: 736px) 100vw, 736px\" title=\"\">\t\t\t\t\t\t\t\t\t\t\t\t\t\t\t<\/div>\n\t\t\t\t<\/div>\n\t\t\t\t\t<\/div>\n\t\t<\/div>\n\t\t\t\t<div class=\"elementor-column elementor-col-50 elementor-top-column elementor-element elementor-element-6e416e6\" data-id=\"6e416e6\" data-element_type=\"column\">\n\t\t\t<div class=\"elementor-widget-wrap elementor-element-populated\">\n\t\t\t\t\t\t<div class=\"elementor-element elementor-element-ac053ea elementor-widget elementor-widget-text-editor\" data-id=\"ac053ea\" data-element_type=\"widget\" data-widget_type=\"text-editor.default\">\n\t\t\t\t<div class=\"elementor-widget-container\">\n\t\t\t\t\t\t\t\t\t<h3><strong>Nowoczesne okna aluminiowe\u00a0<\/strong><\/h3><p>\u200bAluminova jest oficjalnym partnerem firmy <span class=\"relative -mx-px my-[-0.2rem] rounded px-px py-[0.2rem] transition-colors duration-100 ease-in-out\"><strong>Aluprof<\/strong>, kt\u00f3ry jest wiod\u0105cym dostawc\u0105 nowoczesnych system\u00f3w aluminiowych, oferuj\u0105cym szerok\u0105 gam\u0119 okien aluminiowych dostosowanych do wsp\u00f3\u0142czesnych wymaga\u0144 architektonicznych.<\/span> <span class=\"relative -mx-px my-[-0.2rem] rounded px-px py-[0.2rem] transition-colors duration-100 ease-in-out\">Produkty te \u0142\u0105cz\u0105 w sobie nowoczesny design, wysok\u0105 jako\u015b\u0107 oraz trwa\u0142o\u015b\u0107, spe\u0142niaj\u0105c najwy\u017csze standardy estetyki i funkcjonalno\u015bci.<\/span><\/p><p class=\"\" data-start=\"730\" data-end=\"762\"><strong data-start=\"730\" data-end=\"762\">Energooszcz\u0119dno\u015b\u0107 i ekologia<\/strong><\/p><p class=\"\" data-start=\"764\" data-end=\"1009\"><span class=\"relative -mx-px my-[-0.2rem] rounded px-px py-[0.2rem] transition-colors duration-100 ease-in-out\">Produkty Aluprof wyr\u00f3\u017cniaj\u0105 si\u0119 doskona\u0142ymi parametrami izolacji termicznej.<\/span> <span class=\"relative -mx-px my-[-0.2rem] rounded px-px py-[0.2rem] transition-colors duration-100 ease-in-out\">System MB-104 PASSIVE, przeznaczony do budownictwa pasywnego, osi\u0105ga wsp\u00f3\u0142czynnik Uw od 0,53 W\/(m\u00b2K), co potwierdza certyfikat Passive House Institute w Darmstadt.<\/span> <span class=\"relative -mx-px my-[-0.2rem] rounded px-px py-[0.2rem] transition-colors duration-100 ease-in-out\">Firma k\u0142adzie nacisk na zr\u00f3wnowa\u017cony rozw\u00f3j, wykorzystuj\u0105c w produkcji aluminium pochodz\u0105ce z recyklingu, co przyczynia si\u0119 do zmniejszenia \u015bladu w\u0119glowego budynk\u00f3w<\/span><\/p>\t\t\t\t\t\t\t\t<\/div>\n\t\t\t\t<\/div>\n\t\t\t\t\t<\/div>\n\t\t<\/div>\n\t\t\t\t\t<\/div>\n\t\t<\/section>\n\t\t\t\t<section class=\"elementor-section elementor-top-section elementor-element elementor-element-d95787e elementor-section-content-middle elementor-section-boxed elementor-section-height-default elementor-section-height-default\" data-id=\"d95787e\" data-element_type=\"section\">\n\t\t\t\t\t\t<div class=\"elementor-container elementor-column-gap-default\">\n\t\t\t\t\t<div class=\"elementor-column elementor-col-50 elementor-top-column elementor-element elementor-element-f956866\" data-id=\"f956866\" data-element_type=\"column\">\n\t\t\t<div class=\"elementor-widget-wrap elementor-element-populated\">\n\t\t\t\t\t\t<div class=\"elementor-element elementor-element-b68a42b elementor-widget elementor-widget-text-editor\" data-id=\"b68a42b\" data-element_type=\"widget\" data-widget_type=\"text-editor.default\">\n\t\t\t\t<div class=\"elementor-widget-container\">\n\t\t\t\t\t\t\t\t\t<p class=\"\" data-start=\"1011\" data-end=\"1040\"><strong data-start=\"1011\" data-end=\"1040\">Estetyka i personalizacja<\/strong><\/p><p class=\"\" data-start=\"1042\" data-end=\"1247\"><span class=\"relative -mx-px my-[-0.2rem] rounded px-px py-[0.2rem] transition-colors duration-100 ease-in-out\">Okna aluminiowe Aluprof dost\u0119pne s\u0105 w szerokiej gamie kolor\u00f3w i wyko\u0144cze\u0144, w tym w pow\u0142okach drewnopodobnych z palety DECORAL, takich jak z\u0142oty d\u0105b, orzech czy maho\u0144.<\/span> <span class=\"relative -mx-px my-[-0.2rem] rounded px-px py-[0.2rem] transition-colors duration-100 ease-in-out\">Mo\u017cliwo\u015b\u0107 gi\u0119cia profili pozwala na realizacj\u0119 nawet najbardziej wymagaj\u0105cych projekt\u00f3w architektonicznych, w tym konstrukcji \u0142ukowych.<\/span> \u200b<\/p><p data-start=\"1249\" data-end=\"1284\">\u00a0<\/p><p class=\"\" data-start=\"1249\" data-end=\"1284\"><strong data-start=\"1249\" data-end=\"1284\">Bezpiecze\u0144stwo i funkcjonalno\u015b\u0107<\/strong><\/p><p class=\"\" data-start=\"1286\" data-end=\"1451\"><span class=\"relative -mx-px my-[-0.2rem] rounded px-px py-[0.2rem] transition-colors duration-100 ease-in-out\">Systemy okienne Aluprof spe\u0142niaj\u0105 wysokie standardy bezpiecze\u0144stwa, oferuj\u0105c rozwi\u0105zania antyw\u0142amaniowe w klasach RC1 do RC3.<\/span> <span class=\"relative -mx-px my-[-0.2rem] rounded px-px py-[0.2rem] transition-colors duration-100 ease-in-out\">Dzi\u0119ki zastosowaniu nowoczesnych oku\u0107, w tym ukrytych zawias\u00f3w, okna s\u0105 nie tylko estetyczne, ale tak\u017ce funkcjonalne i bezpieczne w u\u017cytkowaniu.<\/span> \u200b<\/p><p class=\"\" data-start=\"1453\" data-end=\"1538\"><span class=\"relative -mx-px my-[-0.2rem] rounded px-px py-[0.2rem] transition-colors duration-100 ease-in-out\">Wybieraj\u0105c okna aluminiowe Aluprof, inwestujesz w produkty \u0142\u0105cz\u0105ce innowacyjno\u015b\u0107, estetyk\u0119 oraz trosk\u0119 o \u015brodowisko, kt\u00f3re sprostaj\u0105 oczekiwaniom nawet najbardziej wymagaj\u0105cych klient\u00f3w.<\/span>\u200b<\/p>\t\t\t\t\t\t\t\t<\/div>\n\t\t\t\t<\/div>\n\t\t\t\t\t<\/div>\n\t\t<\/div>\n\t\t\t\t<div class=\"elementor-column elementor-col-50 elementor-top-column elementor-element elementor-element-df07fdc\" data-id=\"df07fdc\" data-element_type=\"column\">\n\t\t\t<div class=\"elementor-widget-wrap elementor-element-populated\">\n\t\t\t\t\t\t<div class=\"elementor-element elementor-element-1347982 elementor-widget elementor-widget-image\" data-id=\"1347982\" data-element_type=\"widget\" data-widget_type=\"image.default\">\n\t\t\t\t<div class=\"elementor-widget-container\">\n\t\t\t\t\t\t\t\t\t\t\t\t\t\t\t<img decoding=\"async\" width=\"931\" height=\"700\" src=\"https:\/\/aluminova.pl\/wp-content\/uploads\/2025\/04\/okna_aluminiowe_3.webp\" class=\"attachment-large size-large wp-image-149899\" alt=\"\" srcset=\"https:\/\/aluminova.pl\/wp-content\/uploads\/2025\/04\/okna_aluminiowe_3.webp 931w, https:\/\/aluminova.pl\/wp-content\/uploads\/2025\/04\/okna_aluminiowe_3-600x451.webp 600w, https:\/\/aluminova.pl\/wp-content\/uploads\/2025\/04\/okna_aluminiowe_3-300x226.webp 300w, https:\/\/aluminova.pl\/wp-content\/uploads\/2025\/04\/okna_aluminiowe_3-768x577.webp 768w\" sizes=\"(max-width: 931px) 100vw, 931px\" title=\"\">\t\t\t\t\t\t\t\t\t\t\t\t\t\t\t<\/div>\n\t\t\t\t<\/div>\n\t\t\t\t\t<\/div>\n\t\t<\/div>\n\t\t\t\t\t<\/div>\n\t\t<\/section>\n\t\t\t\t<section class=\"elementor-section elementor-top-section elementor-element elementor-element-1a79758 elementor-section-boxed elementor-section-height-default elementor-section-height-default\" data-id=\"1a79758\" data-element_type=\"section\">\n\t\t\t\t\t\t<div class=\"elementor-container elementor-column-gap-default\">\n\t\t\t\t\t<div class=\"elementor-column elementor-col-100 elementor-top-column elementor-element elementor-element-b1c9374\" data-id=\"b1c9374\" data-element_type=\"column\">\n\t\t\t<div class=\"elementor-widget-wrap elementor-element-populated\">\n\t\t\t\t\t\t<div class=\"elementor-element elementor-element-2181e71 elementor-widget elementor-widget-image\" data-id=\"2181e71\" data-element_type=\"widget\" data-widget_type=\"image.default\">\n\t\t\t\t<div class=\"elementor-widget-container\">\n\t\t\t\t\t\t\t\t\t\t\t\t\t\t\t<img decoding=\"async\" width=\"1024\" height=\"232\" src=\"https:\/\/aluminova.pl\/wp-content\/uploads\/2025\/10\/aluprof_logo-1024x232.png\" class=\"attachment-large size-large wp-image-150226\" alt=\"\" srcset=\"https:\/\/aluminova.pl\/wp-content\/uploads\/2025\/10\/aluprof_logo-1024x232.png 1024w, https:\/\/aluminova.pl\/wp-content\/uploads\/2025\/10\/aluprof_logo-600x136.png 600w, https:\/\/aluminova.pl\/wp-content\/uploads\/2025\/10\/aluprof_logo-300x68.png 300w, https:\/\/aluminova.pl\/wp-content\/uploads\/2025\/10\/aluprof_logo-768x174.png 768w, https:\/\/aluminova.pl\/wp-content\/uploads\/2025\/10\/aluprof_logo.png 1291w\" sizes=\"(max-width: 1024px) 100vw, 1024px\" title=\"\">\t\t\t\t\t\t\t\t\t\t\t\t\t\t\t<\/div>\n\t\t\t\t<\/div>\n\t\t\t\t\t<\/div>\n\t\t<\/div>\n\t\t\t\t\t<\/div>\n\t\t<\/section>\n\t\t\t\t<section class=\"elementor-section elementor-top-section elementor-element elementor-element-cd8a2d9 elementor-section-content-bottom elementor-section-boxed elementor-section-height-default elementor-section-height-default\" data-id=\"cd8a2d9\" data-element_type=\"section\">\n\t\t\t\t\t\t<div class=\"elementor-container elementor-column-gap-default\">\n\t\t\t\t\t<div class=\"elementor-column elementor-col-33 elementor-top-column elementor-element elementor-element-b303991\" data-id=\"b303991\" data-element_type=\"column\">\n\t\t\t<div class=\"elementor-widget-wrap elementor-element-populated\">\n\t\t\t\t\t\t<div class=\"elementor-element elementor-element-b67aa28 elementor-position-top elementor-widget elementor-widget-image-box\" data-id=\"b67aa28\" data-element_type=\"widget\" data-widget_type=\"image-box.default\">\n\t\t\t\t<div class=\"elementor-widget-container\">\n\t\t\t\t\t<div class=\"elementor-image-box-wrapper\"><figure class=\"elementor-image-box-img\"><img loading=\"lazy\" decoding=\"async\" width=\"250\" height=\"300\" src=\"https:\/\/aluminova.pl\/wp-content\/uploads\/2025\/04\/mb-45-53-pl-250x300.webp\" class=\"attachment-medium size-medium wp-image-149890\" alt=\"\" title=\"\" srcset=\"https:\/\/aluminova.pl\/wp-content\/uploads\/2025\/04\/mb-45-53-pl-250x300.webp 250w, https:\/\/aluminova.pl\/wp-content\/uploads\/2025\/04\/mb-45-53-pl.webp 512w\" sizes=\"(max-width: 250px) 100vw, 250px\" \/><\/figure><div class=\"elementor-image-box-content\"><h4 class=\"elementor-image-box-title\">MB-45 System okienno-drzwiowy bez izolacji termicznej<\/h4><p class=\"elementor-image-box-description\">MB-45 jest nowoczesnym systemem aluminiowym, s\u0142u\u017c\u0105cym do wykonywania nie wymagaj\u0105cych izolacji termicznej element\u00f3w architektonicznej zabudowy wewn\u0119trznej i zewn\u0119trznej, np.: r\u00f3\u017cnych typ\u00f3w \u015bcianek dzia\u0142owych, okien, drzwi, w tym drzwi przesuwanych r\u0119cznie i automatycznie, drzwi wahad\u0142owych, wiatro\u0142ap\u00f3w, witryn, boks\u00f3w kasowych, gablot, konstrukcji przestrzennych.<\/p><\/div><\/div>\t\t\t\t<\/div>\n\t\t\t\t<\/div>\n\t\t\t\t\t<\/div>\n\t\t<\/div>\n\t\t\t\t<div class=\"elementor-column elementor-col-33 elementor-top-column elementor-element elementor-element-543d735\" data-id=\"543d735\" data-element_type=\"column\">\n\t\t\t<div class=\"elementor-widget-wrap elementor-element-populated\">\n\t\t\t\t\t\t<div class=\"elementor-element elementor-element-b343553 elementor-position-top elementor-widget elementor-widget-image-box\" data-id=\"b343553\" data-element_type=\"widget\" data-widget_type=\"image-box.default\">\n\t\t\t\t<div class=\"elementor-widget-container\">\n\t\t\t\t\t<div class=\"elementor-image-box-wrapper\"><figure class=\"elementor-image-box-img\"><img loading=\"lazy\" decoding=\"async\" width=\"195\" height=\"300\" src=\"https:\/\/aluminova.pl\/wp-content\/uploads\/2025\/04\/mb-60hi-35-pl-195x300.webp\" class=\"attachment-medium size-medium wp-image-149892\" alt=\"\" title=\"\" srcset=\"https:\/\/aluminova.pl\/wp-content\/uploads\/2025\/04\/mb-60hi-35-pl-195x300.webp 195w, https:\/\/aluminova.pl\/wp-content\/uploads\/2025\/04\/mb-60hi-35-pl.webp 400w\" sizes=\"(max-width: 195px) 100vw, 195px\" \/><\/figure><div class=\"elementor-image-box-content\"><h4 class=\"elementor-image-box-title\">MB-60 System okienno-drzwiowy z izolacj\u0105 termiczn\u0105<\/h4><p class=\"elementor-image-box-description\">MB-60 jest nowoczesnym systemem aluminiowym, s\u0142u\u017c\u0105cym do wykonywania wymagaj\u0105cych izolacji termicznej i akustycznej element\u00f3w architektonicznej zabudowy zewn\u0119trznej, np.: r\u00f3\u017cnych typ\u00f3w okien, drzwi, wiatro\u0142ap\u00f3w, witryn, konstrukcji przestrzennych.\n\nProfile systemu maj\u0105 budow\u0119 tr\u00f3jkomorow\u0105. G\u0142\u0119boko\u015b\u0107 konstrukcyjna kszta\u0142townik\u00f3w okna wynosi: 60 mm (o\u015bcie\u017cnica), 69 mm (skrzyd\u0142o), a drzwi odpowiednio: 60 mm i 60 mm. <\/p><\/div><\/div>\t\t\t\t<\/div>\n\t\t\t\t<\/div>\n\t\t\t\t\t<\/div>\n\t\t<\/div>\n\t\t\t\t<div class=\"elementor-column elementor-col-33 elementor-top-column elementor-element elementor-element-df972e1\" data-id=\"df972e1\" data-element_type=\"column\">\n\t\t\t<div class=\"elementor-widget-wrap elementor-element-populated\">\n\t\t\t\t\t\t<div class=\"elementor-element elementor-element-ceaaf3d elementor-position-top elementor-widget elementor-widget-image-box\" data-id=\"ceaaf3d\" data-element_type=\"widget\" data-widget_type=\"image-box.default\">\n\t\t\t\t<div class=\"elementor-widget-container\">\n\t\t\t\t\t<div class=\"elementor-image-box-wrapper\"><figure class=\"elementor-image-box-img\"><img loading=\"lazy\" decoding=\"async\" width=\"229\" height=\"300\" src=\"https:\/\/aluminova.pl\/wp-content\/uploads\/2025\/04\/mb-79n-177-pl-229x300.webp\" class=\"attachment-medium size-medium wp-image-149886\" alt=\"\" title=\"\" srcset=\"https:\/\/aluminova.pl\/wp-content\/uploads\/2025\/04\/mb-79n-177-pl-229x300.webp 229w, https:\/\/aluminova.pl\/wp-content\/uploads\/2025\/04\/mb-79n-177-pl.webp 468w\" sizes=\"(max-width: 229px) 100vw, 229px\" \/><\/figure><div class=\"elementor-image-box-content\"><h4 class=\"elementor-image-box-title\">MB-79N System okienno-drzwiowy z izolacj\u0105 termiczn\u0105<\/h4><p class=\"elementor-image-box-description\">MB-79N to najnowocze\u015bniejszy w ofercie Aluprof, ekonomiczny system okienno-drzwiowy. Zosta\u0142 wprowadzony z my\u015bl\u0105 o spe\u0142nieniu podwy\u017cszonych wymaga\u0144 izolacyjno\u015bci termicznej. S\u0142u\u017cy on do wykonywania konstrukcji, w\u015br\u00f3d kt\u00f3rych znajduj\u0105 si\u0119: okna sta\u0142e, rozwierane, uchylne, uchylno-rozwierane, uchylno-przesuwne, a tak\u017ce drzwi zewn\u0119trzne jedno- i dwuskrzyd\u0142owe oraz rozwi\u0105zania witrynowe z drzwiami. <\/p><\/div><\/div>\t\t\t\t<\/div>\n\t\t\t\t<\/div>\n\t\t\t\t\t<\/div>\n\t\t<\/div>\n\t\t\t\t\t<\/div>\n\t\t<\/section>\n\t\t\t\t<section class=\"elementor-section elementor-top-section elementor-element elementor-element-d5db386 elementor-section-content-bottom elementor-section-boxed elementor-section-height-default elementor-section-height-default\" data-id=\"d5db386\" data-element_type=\"section\">\n\t\t\t\t\t\t<div class=\"elementor-container elementor-column-gap-default\">\n\t\t\t\t\t<div class=\"elementor-column elementor-col-33 elementor-top-column elementor-element elementor-element-ef5db65\" data-id=\"ef5db65\" data-element_type=\"column\">\n\t\t\t<div class=\"elementor-widget-wrap elementor-element-populated\">\n\t\t\t\t\t\t<div class=\"elementor-element elementor-element-0c2057a elementor-position-top elementor-widget elementor-widget-image-box\" data-id=\"0c2057a\" data-element_type=\"widget\" data-widget_type=\"image-box.default\">\n\t\t\t\t<div class=\"elementor-widget-container\">\n\t\t\t\t\t<div class=\"elementor-image-box-wrapper\"><figure class=\"elementor-image-box-img\"><img loading=\"lazy\" decoding=\"async\" width=\"190\" height=\"300\" src=\"https:\/\/aluminova.pl\/wp-content\/uploads\/2025\/04\/mb-79n-us-238-pl-190x300.webp\" class=\"attachment-medium size-medium wp-image-149893\" alt=\"\" title=\"\" srcset=\"https:\/\/aluminova.pl\/wp-content\/uploads\/2025\/04\/mb-79n-us-238-pl-190x300.webp 190w, https:\/\/aluminova.pl\/wp-content\/uploads\/2025\/04\/mb-79n-us-238-pl.webp 388w\" sizes=\"(max-width: 190px) 100vw, 190px\" \/><\/figure><div class=\"elementor-image-box-content\"><h4 class=\"elementor-image-box-title\">MB-79N US Okna z ukrytym skrzyd\u0142em<\/h4><p class=\"elementor-image-box-description\">System MB-79N US to rozwi\u0105zanie ekonomiczne i funkcjonalne, a jednocze\u015bnie spe\u0142niaj\u0105ce wszystkie wymagania techniczne. Pozwala na wykonywanie okien, kt\u00f3re posiadaj\u0105 skrzyd\u0142a niewidoczne od strony zewn\u0119trznej. W szeregu s\u0105siaduj\u0105cych ze sob\u0105 okien sta\u0142ych i otwieranych nie jest mo\u017cliwe rozr\u00f3\u017cnienie po\u0142o\u017cenia tych p\u00f3l. Dzi\u0119ki temu uzyskujemy na elewacji budynku jednorodny widok wszystkich okien.<\/p><\/div><\/div>\t\t\t\t<\/div>\n\t\t\t\t<\/div>\n\t\t\t\t\t<\/div>\n\t\t<\/div>\n\t\t\t\t<div class=\"elementor-column elementor-col-33 elementor-top-column elementor-element elementor-element-ec0360a\" data-id=\"ec0360a\" data-element_type=\"column\">\n\t\t\t<div class=\"elementor-widget-wrap elementor-element-populated\">\n\t\t\t\t\t\t<div class=\"elementor-element elementor-element-27c6c1f elementor-position-top elementor-widget elementor-widget-image-box\" data-id=\"27c6c1f\" data-element_type=\"widget\" data-widget_type=\"image-box.default\">\n\t\t\t\t<div class=\"elementor-widget-container\">\n\t\t\t\t\t<div class=\"elementor-image-box-wrapper\"><figure class=\"elementor-image-box-img\"><img loading=\"lazy\" decoding=\"async\" width=\"172\" height=\"300\" src=\"https:\/\/aluminova.pl\/wp-content\/uploads\/2025\/04\/mb-86n-229-pl-172x300.webp\" class=\"attachment-medium size-medium wp-image-149894\" alt=\"\" title=\"\" srcset=\"https:\/\/aluminova.pl\/wp-content\/uploads\/2025\/04\/mb-86n-229-pl-172x300.webp 172w, https:\/\/aluminova.pl\/wp-content\/uploads\/2025\/04\/mb-86n-229-pl.webp 353w\" sizes=\"(max-width: 172px) 100vw, 172px\" \/><\/figure><div class=\"elementor-image-box-content\"><h4 class=\"elementor-image-box-title\">MB-86N System okienno-drzwiowy z izolacj\u0105 termiczn\u0105<\/h4><p class=\"elementor-image-box-description\">System okienno-drzwiowy MB-86N to produkt o bardzo dobrych parametrach, daj\u0105cy mo\u017cliwo\u015b\u0107 zaspokojenia r\u00f3\u017cnorodnych potrzeb u\u017cytkownik\u00f3w, m.in. w zakresie energooszcz\u0119dno\u015bci. Konstrukcja kszta\u0142townik\u00f3w posiada 2 warianty wykonania w zale\u017cno\u015bci od wymaga\u0144 oszcz\u0119dno\u015bci energii cieplnej: ST oraz SI. MB-86N to system oferuj\u0105cy doskona\u0142e parametry termiczne i szczelno\u015bciowe.<\/p><\/div><\/div>\t\t\t\t<\/div>\n\t\t\t\t<\/div>\n\t\t\t\t\t<\/div>\n\t\t<\/div>\n\t\t\t\t<div class=\"elementor-column elementor-col-33 elementor-top-column elementor-element elementor-element-f38e567\" data-id=\"f38e567\" data-element_type=\"column\">\n\t\t\t<div class=\"elementor-widget-wrap elementor-element-populated\">\n\t\t\t\t\t\t<div class=\"elementor-element elementor-element-3130a3c elementor-position-top elementor-widget elementor-widget-image-box\" data-id=\"3130a3c\" data-element_type=\"widget\" data-widget_type=\"image-box.default\">\n\t\t\t\t<div class=\"elementor-widget-container\">\n\t\t\t\t\t<div class=\"elementor-image-box-wrapper\"><figure class=\"elementor-image-box-img\"><img loading=\"lazy\" decoding=\"async\" width=\"204\" height=\"220\" src=\"https:\/\/aluminova.pl\/wp-content\/uploads\/2025\/04\/mb-86-casement-99-pl.webp\" class=\"attachment-medium size-medium wp-image-149895\" alt=\"\" title=\"\"><\/figure><div class=\"elementor-image-box-content\"><h4 class=\"elementor-image-box-title\">MB-86 Casement Okna otwierane na zewn\u0105trz<\/h4><p class=\"elementor-image-box-description\">System okien otwieranych na zewn\u0105trz z przegrod\u0105 termiczn\u0105 MB-86 Casement jest cz\u0119\u015bci\u0105 systemu MB-86 i s\u0142u\u017cy do wykonywania element\u00f3w architektonicznej zabudowy zewn\u0119trznej, np.: r\u00f3\u017cnych typ\u00f3w okien sta\u0142ych, otwieranych na zewn\u0105trz, wiatro\u0142ap\u00f3w, witryn i konstrukcji przestrzennych, kt\u00f3re cechuje dobra izolacja termiczna, akustyczna oraz szczelno\u015b\u0107 na wod\u0119 i powietrze.  <\/p><\/div><\/div>\t\t\t\t<\/div>\n\t\t\t\t<\/div>\n\t\t\t\t\t<\/div>\n\t\t<\/div>\n\t\t\t\t\t<\/div>\n\t\t<\/section>\n\t\t\t\t<\/div>\n\t\t","protected":false},"excerpt":{"rendered":"<p>Nowoczesne okna aluminiowe\u00a0 \u200bAluminova jest oficjalnym partnerem firmy Aluprof, kt\u00f3ry jest wiod\u0105cym dostawc\u0105 nowoczesnych system\u00f3w aluminiowych, oferuj\u0105cym szerok\u0105 gam\u0119 okien aluminiowych dostosowanych do wsp\u00f3\u0142czesnych wymaga\u0144 architektonicznych. Produkty te \u0142\u0105cz\u0105 w sobie nowoczesny design, wysok\u0105 jako\u015b\u0107 oraz trwa\u0142o\u015b\u0107, spe\u0142niaj\u0105c najwy\u017csze standardy estetyki i funkcjonalno\u015bci. Energooszcz\u0119dno\u015b\u0107 i ekologia Produkty Aluprof wyr\u00f3\u017cniaj\u0105 si\u0119 doskona\u0142ymi parametrami izolacji termicznej. System [&hellip;]<\/p>\n","protected":false},"author":1,"featured_media":0,"parent":0,"menu_order":0,"comment_status":"closed","ping_status":"closed","template":"","meta":{"_acf_changed":false,"footnotes":""},"class_list":["post-149884","page","type-page","status-publish","hentry"],"blocksy_meta":[],"acf":[],"_links":{"self":[{"href":"https:\/\/aluminova.pl\/de\/wp-json\/wp\/v2\/pages\/149884","targetHints":{"allow":["GET"]}}],"collection":[{"href":"https:\/\/aluminova.pl\/de\/wp-json\/wp\/v2\/pages"}],"about":[{"href":"https:\/\/aluminova.pl\/de\/wp-json\/wp\/v2\/types\/page"}],"author":[{"embeddable":true,"href":"https:\/\/aluminova.pl\/de\/wp-json\/wp\/v2\/users\/1"}],"replies":[{"embeddable":true,"href":"https:\/\/aluminova.pl\/de\/wp-json\/wp\/v2\/comments?post=149884"}],"version-history":[{"count":37,"href":"https:\/\/aluminova.pl\/de\/wp-json\/wp\/v2\/pages\/149884\/revisions"}],"predecessor-version":[{"id":150309,"href":"https:\/\/aluminova.pl\/de\/wp-json\/wp\/v2\/pages\/149884\/revisions\/150309"}],"wp:attachment":[{"href":"https:\/\/aluminova.pl\/de\/wp-json\/wp\/v2\/media?parent=149884"}],"curies":[{"name":"wp","href":"https:\/\/api.w.org\/{rel}","templated":true}]}}