{"id":150876,"date":"2026-03-11T17:29:21","date_gmt":"2026-03-11T16:29:21","guid":{"rendered":"https:\/\/aluminova.pl\/?page_id=150876"},"modified":"2026-03-11T17:38:26","modified_gmt":"2026-03-11T16:38:26","slug":"office-and-retail-glazing","status":"publish","type":"page","link":"https:\/\/aluminova.pl\/en\/przeszklenia-biurowe-i-handlowe\/","title":{"rendered":"Office and retail glazing"},"content":{"rendered":"\t\t<div data-elementor-type=\"wp-page\" data-elementor-id=\"150876\" class=\"elementor elementor-150876\" data-elementor-post-type=\"page\">\n\t\t\t\t\t\t<section class=\"elementor-section elementor-top-section elementor-element elementor-element-3b69d86 elementor-section-height-full ct-section-stretched elementor-section-boxed elementor-section-height-default elementor-section-items-middle\" data-id=\"3b69d86\" data-element_type=\"section\" data-settings=\"{&quot;background_background&quot;:&quot;classic&quot;,&quot;background_motion_fx_motion_fx_scrolling&quot;:&quot;yes&quot;,&quot;background_motion_fx_translateY_effect&quot;:&quot;yes&quot;,&quot;background_motion_fx_translateY_speed&quot;:{&quot;unit&quot;:&quot;px&quot;,&quot;size&quot;:1.1,&quot;sizes&quot;:[]},&quot;background_motion_fx_translateY_affectedRange&quot;:{&quot;unit&quot;:&quot;%&quot;,&quot;size&quot;:&quot;&quot;,&quot;sizes&quot;:{&quot;start&quot;:0,&quot;end&quot;:100}},&quot;background_motion_fx_devices&quot;:[&quot;desktop&quot;,&quot;tablet&quot;,&quot;mobile&quot;]}\">\n\t\t\t\t\t\t\t<div class=\"elementor-background-overlay\"><\/div>\n\t\t\t\t\t\t\t<div class=\"elementor-container elementor-column-gap-no\">\n\t\t\t\t\t<div class=\"elementor-column elementor-col-100 elementor-top-column elementor-element elementor-element-c1c766b animated-fast elementor-invisible\" data-id=\"c1c766b\" data-element_type=\"column\" data-settings=\"{&quot;animation&quot;:&quot;fadeInUp&quot;}\">\n\t\t\t<div class=\"elementor-widget-wrap elementor-element-populated\">\n\t\t\t\t\t\t<div class=\"elementor-element elementor-element-f1c83b7 elementor-widget elementor-widget-spacer\" data-id=\"f1c83b7\" data-element_type=\"widget\" data-widget_type=\"spacer.default\">\n\t\t\t\t<div class=\"elementor-widget-container\">\n\t\t\t\t\t\t\t<div class=\"elementor-spacer\">\n\t\t\t<div class=\"elementor-spacer-inner\"><\/div>\n\t\t<\/div>\n\t\t\t\t\t\t<\/div>\n\t\t\t\t<\/div>\n\t\t\t\t<div class=\"elementor-element elementor-element-78308a9 elementor-widget elementor-widget-heading\" data-id=\"78308a9\" data-element_type=\"widget\" data-widget_type=\"heading.default\">\n\t\t\t\t<div class=\"elementor-widget-container\">\n\t\t\t\t\t<h2 class=\"elementor-heading-title elementor-size-default\">Przeszklenia biurowe i handlowe<\/h2>\t\t\t\t<\/div>\n\t\t\t\t<\/div>\n\t\t\t\t<div class=\"elementor-element elementor-element-4393059 elementor-widget elementor-widget-spacer\" data-id=\"4393059\" data-element_type=\"widget\" data-widget_type=\"spacer.default\">\n\t\t\t\t<div class=\"elementor-widget-container\">\n\t\t\t\t\t\t\t<div class=\"elementor-spacer\">\n\t\t\t<div class=\"elementor-spacer-inner\"><\/div>\n\t\t<\/div>\n\t\t\t\t\t\t<\/div>\n\t\t\t\t<\/div>\n\t\t\t\t\t<\/div>\n\t\t<\/div>\n\t\t\t\t\t<\/div>\n\t\t<\/section>\n\t\t\t\t<section class=\"elementor-section elementor-top-section elementor-element elementor-element-440b8db elementor-section-content-middle elementor-section-boxed elementor-section-height-default elementor-section-height-default\" data-id=\"440b8db\" data-element_type=\"section\">\n\t\t\t\t\t\t<div class=\"elementor-container elementor-column-gap-default\">\n\t\t\t\t\t<div class=\"elementor-column elementor-col-50 elementor-top-column elementor-element elementor-element-1f9c8f4\" data-id=\"1f9c8f4\" data-element_type=\"column\">\n\t\t\t<div class=\"elementor-widget-wrap elementor-element-populated\">\n\t\t\t\t\t\t<div class=\"elementor-element elementor-element-125cd71 elementor-widget elementor-widget-image\" data-id=\"125cd71\" data-element_type=\"widget\" data-widget_type=\"image.default\">\n\t\t\t\t<div class=\"elementor-widget-container\">\n\t\t\t\t\t\t\t\t\t\t\t\t\t\t\t<img fetchpriority=\"high\" decoding=\"async\" width=\"1024\" height=\"762\" src=\"https:\/\/aluminova.pl\/wp-content\/uploads\/2026\/03\/sale-konferencyjne-nowoczesne-przeszlone-na-systemie-aluprof-1.jpg\" class=\"attachment-large size-large wp-image-150881\" alt=\"\" srcset=\"https:\/\/aluminova.pl\/wp-content\/uploads\/2026\/03\/sale-konferencyjne-nowoczesne-przeszlone-na-systemie-aluprof-1.jpg 1024w, https:\/\/aluminova.pl\/wp-content\/uploads\/2026\/03\/sale-konferencyjne-nowoczesne-przeszlone-na-systemie-aluprof-1-300x223.jpg 300w, https:\/\/aluminova.pl\/wp-content\/uploads\/2026\/03\/sale-konferencyjne-nowoczesne-przeszlone-na-systemie-aluprof-1-768x572.jpg 768w, https:\/\/aluminova.pl\/wp-content\/uploads\/2026\/03\/sale-konferencyjne-nowoczesne-przeszlone-na-systemie-aluprof-1-600x446.jpg 600w\" sizes=\"(max-width: 1024px) 100vw, 1024px\" title=\"\">\t\t\t\t\t\t\t\t\t\t\t\t\t\t\t<\/div>\n\t\t\t\t<\/div>\n\t\t\t\t\t<\/div>\n\t\t<\/div>\n\t\t\t\t<div class=\"elementor-column elementor-col-50 elementor-top-column elementor-element elementor-element-6e416e6\" data-id=\"6e416e6\" data-element_type=\"column\">\n\t\t\t<div class=\"elementor-widget-wrap elementor-element-populated\">\n\t\t\t\t\t\t<div class=\"elementor-element elementor-element-ac053ea elementor-widget elementor-widget-text-editor\" data-id=\"ac053ea\" data-element_type=\"widget\" data-widget_type=\"text-editor.default\">\n\t\t\t\t<div class=\"elementor-widget-container\">\n\t\t\t\t\t\t\t\t\t<h1 data-start=\"455\" data-end=\"713\">Systemy przeszkle\u0144 biurowych \u2013 nowoczesne \u015bciany szklane<\/h1><p data-start=\"455\" data-end=\"713\">Nowoczesne biura wymagaj\u0105 przestrzeni, kt\u00f3ra jednocze\u015bnie zapewnia <strong data-start=\"522\" data-end=\"560\">otwarto\u015b\u0107, \u015bwiat\u0142o i komfort pracy<\/strong>. Aluminiowe systemy \u015bcian wewn\u0119trznych umo\u017cliwiaj\u0105 szybkie i estetyczne wydzielenie pomieszcze\u0144 przy zachowaniu transparentno\u015bci i nowoczesnego designu.<\/p><p data-start=\"715\" data-end=\"779\">W naszej ofercie znajduj\u0105 si\u0119 trzy systemy zabudowy wewn\u0119trznej:<\/p><ul data-start=\"781\" data-end=\"947\"><li data-section-id=\"19uvpct\" data-start=\"781\" data-end=\"839\"><p data-start=\"783\" data-end=\"839\">MB-Harmony Office \u2013 minimalistyczne \u015bciany ca\u0142oszklane<\/p><\/li><li data-section-id=\"l4leqp\" data-start=\"840\" data-end=\"897\"><p data-start=\"842\" data-end=\"897\">MB-80 Office \u2013 \u015bciany biurowe o podwy\u017cszonej akustyce<\/p><\/li><li data-section-id=\"187594t\" data-start=\"898\" data-end=\"947\"><p data-start=\"900\" data-end=\"947\">MB-45 \u2013 lekkie przegrody i witryny wewn\u0119trzne<\/p><\/li><\/ul><p data-start=\"949\" data-end=\"1065\">Systemy pozwalaj\u0105 tworzy\u0107 <strong data-start=\"975\" data-end=\"1064\">przeszklone biura, sale konferencyjne, open-space oraz witryny w obiektach handlowych<\/strong>.<\/p>\t\t\t\t\t\t\t\t<\/div>\n\t\t\t\t<\/div>\n\t\t\t\t\t<\/div>\n\t\t<\/div>\n\t\t\t\t\t<\/div>\n\t\t<\/section>\n\t\t\t\t<section class=\"elementor-section elementor-top-section elementor-element elementor-element-d95787e elementor-section-content-middle elementor-section-boxed elementor-section-height-default elementor-section-height-default\" data-id=\"d95787e\" data-element_type=\"section\">\n\t\t\t\t\t\t<div class=\"elementor-container elementor-column-gap-default\">\n\t\t\t\t\t<div class=\"elementor-column elementor-col-50 elementor-top-column elementor-element elementor-element-f956866\" data-id=\"f956866\" data-element_type=\"column\">\n\t\t\t<div class=\"elementor-widget-wrap elementor-element-populated\">\n\t\t\t\t\t\t<div class=\"elementor-element elementor-element-b68a42b elementor-widget elementor-widget-text-editor\" data-id=\"b68a42b\" data-element_type=\"widget\" data-widget_type=\"text-editor.default\">\n\t\t\t\t<div class=\"elementor-widget-container\">\n\t\t\t\t\t\t\t\t\t<h1 data-section-id=\"1hdesib\" data-start=\"1072\" data-end=\"1121\">Pokoje konferencyjne \u2013 prywatno\u015b\u0107 i akustyka<\/h1><p data-start=\"1123\" data-end=\"1221\">Najlepszym rozwi\u0105zaniem do sal konferencyjnych s\u0105 systemy <strong data-start=\"1181\" data-end=\"1220\">MB-Harmony Office oraz MB-80 Office<\/strong>.<\/p><p data-start=\"1223\" data-end=\"1577\"><span class=\"hover:entity-accent entity-underline inline cursor-pointer align-baseline\"><span class=\"whitespace-normal\"><b>MB\u2011Harmony Office<\/b> &#8211;\u00a0<\/span><\/span>To nowoczesny system \u015bcian ca\u0142oszklanych o lekkiej geometrii, zaprojektowany do eleganckiego wydzielania przestrzeni biurowej. Konstrukcja umo\u017cliwia zastosowanie szk\u0142a hartowanego lub laminowanego o grubo\u015bci ok. 10\u201312 mm i zapewnia szybki monta\u017c oraz minimalistyczny wygl\u0105d.<\/p><p data-start=\"1579\" data-end=\"1704\">Dla pomieszcze\u0144 wymagaj\u0105cych wi\u0119kszej izolacji akustycznej dost\u0119pna jest wersja <strong data-start=\"1659\" data-end=\"1677\">MB-Harmony Duo<\/strong> z podw\u00f3jnym przeszkleniem.<\/p><p data-start=\"1706\" data-end=\"2025\"><span class=\"hover:entity-accent entity-underline inline cursor-pointer align-baseline\"><span class=\"whitespace-normal\"><b>MB\u201180 OFFICE &#8211;<\/b>\u00a0<\/span><\/span>System ten umo\u017cliwia tworzenie \u015bcian biurowych z r\u00f3\u017cnymi wype\u0142nieniami \u2013 szk\u0142em, p\u0142ytami meblowymi czy panelami gipsowymi. Konstrukcja pozwala tak\u017ce instalowa\u0107 \u017caluzje mi\u0119dzyszybowe oraz prowadzi\u0107 instalacj\u0119 elektryczn\u0105 wewn\u0105trz przegrody.<\/p><p data-start=\"2027\" data-end=\"2058\">Zalety dla sal konferencyjnych:<\/p><ul data-start=\"2060\" data-end=\"2266\"><li data-section-id=\"ep46v0\" data-start=\"2060\" data-end=\"2096\"><p data-start=\"2062\" data-end=\"2096\">bardzo dobra izolacja akustyczna<\/p><\/li><li data-section-id=\"6dyg4y\" data-start=\"2097\" data-end=\"2142\"><p data-start=\"2099\" data-end=\"2142\">mo\u017cliwo\u015b\u0107 zastosowania szk\u0142a akustycznego<\/p><\/li><li data-section-id=\"ddfois\" data-start=\"2143\" data-end=\"2180\"><p data-start=\"2145\" data-end=\"2180\">pe\u0142na transparentno\u015b\u0107 pomieszcze\u0144<\/p><\/li><li data-section-id=\"173k9k0\" data-start=\"2181\" data-end=\"2208\"><p data-start=\"2183\" data-end=\"2208\">nowoczesny wygl\u0105d biura<\/p><\/li><li data-section-id=\"mptqke\" data-start=\"2209\" data-end=\"2266\"><p data-start=\"2211\" data-end=\"2266\">mo\u017cliwo\u015b\u0107 integracji drzwi szklanych lub aluminiowych<\/p><\/li><\/ul><p data-start=\"2268\" data-end=\"2339\">Efekt: elegancka sala spotka\u0144 zapewniaj\u0105ca komfort rozm\u00f3w i prywatno\u015b\u0107.<\/p>\t\t\t\t\t\t\t\t<\/div>\n\t\t\t\t<\/div>\n\t\t\t\t\t<\/div>\n\t\t<\/div>\n\t\t\t\t<div class=\"elementor-column elementor-col-50 elementor-top-column elementor-element elementor-element-df07fdc\" data-id=\"df07fdc\" data-element_type=\"column\">\n\t\t\t<div class=\"elementor-widget-wrap elementor-element-populated\">\n\t\t\t\t\t\t<div class=\"elementor-element elementor-element-1347982 elementor-widget elementor-widget-image\" data-id=\"1347982\" data-element_type=\"widget\" data-widget_type=\"image.default\">\n\t\t\t\t<div class=\"elementor-widget-container\">\n\t\t\t\t\t\t\t\t\t\t\t\t\t\t\t<img decoding=\"async\" width=\"1024\" height=\"585\" src=\"https:\/\/aluminova.pl\/wp-content\/uploads\/2026\/03\/meeting-room-sciany-szklane-do-pokoju-konferencyjnego-1024x585.png\" class=\"attachment-large size-large wp-image-150877\" alt=\"\" srcset=\"https:\/\/aluminova.pl\/wp-content\/uploads\/2026\/03\/meeting-room-sciany-szklane-do-pokoju-konferencyjnego-1024x585.png 1024w, https:\/\/aluminova.pl\/wp-content\/uploads\/2026\/03\/meeting-room-sciany-szklane-do-pokoju-konferencyjnego-300x171.png 300w, https:\/\/aluminova.pl\/wp-content\/uploads\/2026\/03\/meeting-room-sciany-szklane-do-pokoju-konferencyjnego-768x439.png 768w, https:\/\/aluminova.pl\/wp-content\/uploads\/2026\/03\/meeting-room-sciany-szklane-do-pokoju-konferencyjnego-600x343.png 600w, https:\/\/aluminova.pl\/wp-content\/uploads\/2026\/03\/meeting-room-sciany-szklane-do-pokoju-konferencyjnego.png 1400w\" sizes=\"(max-width: 1024px) 100vw, 1024px\" title=\"\">\t\t\t\t\t\t\t\t\t\t\t\t\t\t\t<\/div>\n\t\t\t\t<\/div>\n\t\t\t\t<div class=\"elementor-element elementor-element-6a8a8b5 elementor-widget elementor-widget-image\" data-id=\"6a8a8b5\" data-element_type=\"widget\" data-widget_type=\"image.default\">\n\t\t\t\t<div class=\"elementor-widget-container\">\n\t\t\t\t\t\t\t\t\t\t\t\t\t\t\t<img decoding=\"async\" width=\"701\" height=\"296\" src=\"https:\/\/aluminova.pl\/wp-content\/uploads\/2026\/03\/mb-harmony-i-office.png\" class=\"attachment-large size-large wp-image-150882\" alt=\"\" srcset=\"https:\/\/aluminova.pl\/wp-content\/uploads\/2026\/03\/mb-harmony-i-office.png 701w, https:\/\/aluminova.pl\/wp-content\/uploads\/2026\/03\/mb-harmony-i-office-300x127.png 300w, https:\/\/aluminova.pl\/wp-content\/uploads\/2026\/03\/mb-harmony-i-office-600x253.png 600w\" sizes=\"(max-width: 701px) 100vw, 701px\" title=\"\">\t\t\t\t\t\t\t\t\t\t\t\t\t\t\t<\/div>\n\t\t\t\t<\/div>\n\t\t\t\t\t<\/div>\n\t\t<\/div>\n\t\t\t\t\t<\/div>\n\t\t<\/section>\n\t\t\t\t<section class=\"elementor-section elementor-top-section elementor-element elementor-element-84166a4 elementor-section-content-middle elementor-section-boxed elementor-section-height-default elementor-section-height-default\" data-id=\"84166a4\" data-element_type=\"section\">\n\t\t\t\t\t\t<div class=\"elementor-container elementor-column-gap-default\">\n\t\t\t\t\t<div class=\"elementor-column elementor-col-50 elementor-top-column elementor-element elementor-element-c623651\" data-id=\"c623651\" data-element_type=\"column\">\n\t\t\t<div class=\"elementor-widget-wrap elementor-element-populated\">\n\t\t\t\t\t\t<div class=\"elementor-element elementor-element-eea61d6 elementor-widget elementor-widget-image\" data-id=\"eea61d6\" data-element_type=\"widget\" data-widget_type=\"image.default\">\n\t\t\t\t<div class=\"elementor-widget-container\">\n\t\t\t\t\t\t\t\t\t\t\t\t\t\t\t<img loading=\"lazy\" decoding=\"async\" width=\"1024\" height=\"585\" src=\"https:\/\/aluminova.pl\/wp-content\/uploads\/2026\/03\/sciany-szklane-wewnetrzne-do-biur-1024x585.png\" class=\"attachment-large size-large wp-image-150879\" alt=\"\" srcset=\"https:\/\/aluminova.pl\/wp-content\/uploads\/2026\/03\/sciany-szklane-wewnetrzne-do-biur-1024x585.png 1024w, https:\/\/aluminova.pl\/wp-content\/uploads\/2026\/03\/sciany-szklane-wewnetrzne-do-biur-300x171.png 300w, https:\/\/aluminova.pl\/wp-content\/uploads\/2026\/03\/sciany-szklane-wewnetrzne-do-biur-768x439.png 768w, https:\/\/aluminova.pl\/wp-content\/uploads\/2026\/03\/sciany-szklane-wewnetrzne-do-biur-600x343.png 600w, https:\/\/aluminova.pl\/wp-content\/uploads\/2026\/03\/sciany-szklane-wewnetrzne-do-biur.png 1400w\" sizes=\"(max-width: 1024px) 100vw, 1024px\" title=\"\">\t\t\t\t\t\t\t\t\t\t\t\t\t\t\t<\/div>\n\t\t\t\t<\/div>\n\t\t\t\t<div class=\"elementor-element elementor-element-30f8260 elementor-widget elementor-widget-image\" data-id=\"30f8260\" data-element_type=\"widget\" data-widget_type=\"image.default\">\n\t\t\t\t<div class=\"elementor-widget-container\">\n\t\t\t\t\t\t\t\t\t\t\t\t\t\t\t<img decoding=\"async\" width=\"701\" height=\"296\" src=\"https:\/\/aluminova.pl\/wp-content\/uploads\/2026\/03\/mb-harmony-i-office.png\" class=\"attachment-large size-large wp-image-150882\" alt=\"\" srcset=\"https:\/\/aluminova.pl\/wp-content\/uploads\/2026\/03\/mb-harmony-i-office.png 701w, https:\/\/aluminova.pl\/wp-content\/uploads\/2026\/03\/mb-harmony-i-office-300x127.png 300w, https:\/\/aluminova.pl\/wp-content\/uploads\/2026\/03\/mb-harmony-i-office-600x253.png 600w\" sizes=\"(max-width: 701px) 100vw, 701px\" title=\"\">\t\t\t\t\t\t\t\t\t\t\t\t\t\t\t<\/div>\n\t\t\t\t<\/div>\n\t\t\t\t\t<\/div>\n\t\t<\/div>\n\t\t\t\t<div class=\"elementor-column elementor-col-50 elementor-top-column elementor-element elementor-element-c1466f9\" data-id=\"c1466f9\" data-element_type=\"column\">\n\t\t\t<div class=\"elementor-widget-wrap elementor-element-populated\">\n\t\t\t\t\t\t<div class=\"elementor-element elementor-element-0eced85 elementor-widget elementor-widget-text-editor\" data-id=\"0eced85\" data-element_type=\"widget\" data-widget_type=\"text-editor.default\">\n\t\t\t\t<div class=\"elementor-widget-container\">\n\t\t\t\t\t\t\t\t\t<h1 data-section-id=\"105uel3\" data-start=\"2346\" data-end=\"2387\">Sale biurowe i przestrze\u0144 open-space<\/h1><p data-start=\"2389\" data-end=\"2482\">Do organizacji przestrzeni pracy stosuje si\u0119 g\u0142\u00f3wnie <strong data-start=\"2442\" data-end=\"2481\">MB-80 Office oraz MB-Harmony Office<\/strong>.<\/p><p data-start=\"2484\" data-end=\"2512\">Systemy pozwalaj\u0105 wydzieli\u0107:<\/p><ul data-start=\"2514\" data-end=\"2612\"><li data-section-id=\"wl52pc\" data-start=\"2514\" data-end=\"2532\"><p data-start=\"2516\" data-end=\"2532\">biura zespo\u0142\u00f3w<\/p><\/li><li data-section-id=\"1ufxwkk\" data-start=\"2533\" data-end=\"2557\"><p data-start=\"2535\" data-end=\"2557\">gabinety managerskie<\/p><\/li><li data-section-id=\"1z0dha8\" data-start=\"2558\" data-end=\"2584\"><p data-start=\"2560\" data-end=\"2584\">sale pracy projektowej<\/p><\/li><li data-section-id=\"j0pwvh\" data-start=\"2585\" data-end=\"2612\"><p data-start=\"2587\" data-end=\"2612\">przestrzenie coworkingowe<\/p><\/li><\/ul><p data-start=\"2614\" data-end=\"2645\">\u015aciany mo\u017cna konfigurowa\u0107 jako:<\/p><ul data-start=\"2647\" data-end=\"2746\"><li data-section-id=\"1r7yc2s\" data-start=\"2647\" data-end=\"2669\"><p data-start=\"2649\" data-end=\"2669\">pe\u0142ne przeszklenia<\/p><\/li><li data-section-id=\"jiatrl\" data-start=\"2670\" data-end=\"2697\"><p data-start=\"2672\" data-end=\"2697\">przeszklenia z panelami<\/p><\/li><li data-section-id=\"71s0du\" data-start=\"2698\" data-end=\"2746\"><p data-start=\"2700\" data-end=\"2746\">\u015bciany z drzwiami jedno- lub dwuskrzyd\u0142owymi<\/p><\/li><\/ul><p data-start=\"2748\" data-end=\"2926\">Profile systemowe umo\u017cliwiaj\u0105 budow\u0119 wysokich przegr\u00f3d nawet do kilku metr\u00f3w, przy zachowaniu stabilno\u015bci konstrukcji i wysokiej estetyki.<\/p><p data-start=\"2928\" data-end=\"2962\">Korzy\u015bci dla przestrzeni biurowej:<\/p><ul data-start=\"2964\" data-end=\"3087\"><li data-section-id=\"1kjw94f\" data-start=\"2964\" data-end=\"2992\"><p data-start=\"2966\" data-end=\"2992\">lepsza organizacja pracy<\/p><\/li><li data-section-id=\"ymyyaq\" data-start=\"2993\" data-end=\"3023\"><p data-start=\"2995\" data-end=\"3023\">wi\u0119cej \u015bwiat\u0142a naturalnego<\/p><\/li><li data-section-id=\"1nwp9nj\" data-start=\"3024\" data-end=\"3057\"><p data-start=\"3026\" data-end=\"3057\">\u0142atwa przebudowa uk\u0142adu biura<\/p><\/li><li data-section-id=\"9pivqe\" data-start=\"3058\" data-end=\"3087\"><p data-start=\"3060\" data-end=\"3087\">nowoczesny design wn\u0119trza<\/p><\/li><\/ul><p data-start=\"3089\" data-end=\"3180\">Dzi\u0119ki temu mo\u017cna stworzy\u0107 <strong data-start=\"3116\" data-end=\"3179\">funkcjonalne biuro open-space z wydzielonymi strefami pracy<\/strong>.<\/p>\t\t\t\t\t\t\t\t<\/div>\n\t\t\t\t<\/div>\n\t\t\t\t\t<\/div>\n\t\t<\/div>\n\t\t\t\t\t<\/div>\n\t\t<\/section>\n\t\t\t\t<section class=\"elementor-section elementor-top-section elementor-element elementor-element-063293b elementor-section-content-middle elementor-section-boxed elementor-section-height-default elementor-section-height-default\" data-id=\"063293b\" data-element_type=\"section\">\n\t\t\t\t\t\t<div class=\"elementor-container elementor-column-gap-default\">\n\t\t\t\t\t<div class=\"elementor-column elementor-col-50 elementor-top-column elementor-element elementor-element-1b83c78\" data-id=\"1b83c78\" data-element_type=\"column\">\n\t\t\t<div class=\"elementor-widget-wrap elementor-element-populated\">\n\t\t\t\t\t\t<div class=\"elementor-element elementor-element-c5af642 elementor-widget elementor-widget-text-editor\" data-id=\"c5af642\" data-element_type=\"widget\" data-widget_type=\"text-editor.default\">\n\t\t\t\t<div class=\"elementor-widget-container\">\n\t\t\t\t\t\t\t\t\t<h1 data-section-id=\"6qrckn\" data-start=\"3187\" data-end=\"3218\">Galerie handlowe i witryny<\/h1><p data-start=\"3220\" data-end=\"3295\">Do przestrzeni handlowych i us\u0142ugowych stosuje si\u0119 przede wszystkim system: <strong><span class=\"hover:entity-accent entity-underline inline cursor-pointer align-baseline\"><span class=\"whitespace-normal\">MB\u201145<\/span><\/span><\/strong><\/p><p data-start=\"3338\" data-end=\"3592\">To lekki system aluminiowy bez izolacji termicznej przeznaczony do zastosowa\u0144 wewn\u0119trznych. Umo\u017cliwia stosowanie r\u00f3\u017cnych wype\u0142nie\u0144 \u2013 w tym szk\u0142a o grubo\u015bci do ok. 25 mm \u2013 i tworzenie przeszklonych \u015bcian z drzwiami.<\/p><p data-start=\"3594\" data-end=\"3607\">Zastosowania:<\/p><ul data-start=\"3609\" data-end=\"3762\"><li data-section-id=\"1rz5p1q\" data-start=\"3609\" data-end=\"3652\"><p data-start=\"3611\" data-end=\"3652\">witryny sklepowe w galeriach handlowych<\/p><\/li><li data-section-id=\"1ontpkg\" data-start=\"3653\" data-end=\"3686\"><p data-start=\"3655\" data-end=\"3686\">przeszklone wej\u015bcia do lokali<\/p><\/li><li data-section-id=\"gmzsbd\" data-start=\"3687\" data-end=\"3710\"><p data-start=\"3689\" data-end=\"3710\">zabudowy showroom\u00f3w<\/p><\/li><li data-section-id=\"35wdh6\" data-start=\"3711\" data-end=\"3762\"><p data-start=\"3713\" data-end=\"3762\">przegrody w restauracjach i punktach us\u0142ugowych<\/p><\/li><\/ul><p data-start=\"3764\" data-end=\"3771\">Zalety:<\/p><ul data-start=\"3773\" data-end=\"3906\"><li data-section-id=\"v7gyp5\" data-start=\"3773\" data-end=\"3794\"><p data-start=\"3775\" data-end=\"3794\">lekka konstrukcja<\/p><\/li><li data-section-id=\"gtb610\" data-start=\"3795\" data-end=\"3822\"><p data-start=\"3797\" data-end=\"3822\">du\u017ce powierzchnie szk\u0142a<\/p><\/li><li data-section-id=\"xxzuqi\" data-start=\"3823\" data-end=\"3866\"><p data-start=\"3825\" data-end=\"3866\">mo\u017cliwo\u015b\u0107 wykonania drzwi ca\u0142oszklanych<\/p><\/li><li data-section-id=\"1fdi346\" data-start=\"3867\" data-end=\"3906\"><p data-start=\"3869\" data-end=\"3906\">szeroka gama kolor\u00f3w RAL i struktur<\/p><\/li><\/ul><p data-start=\"3908\" data-end=\"4006\">Rozwi\u0105zanie to pozwala stworzy\u0107 <strong data-start=\"3940\" data-end=\"4005\">estetyczne witryny sklepowe zwi\u0119kszaj\u0105ce ekspozycj\u0119 produkt\u00f3w<\/strong>.<\/p>\t\t\t\t\t\t\t\t<\/div>\n\t\t\t\t<\/div>\n\t\t\t\t\t<\/div>\n\t\t<\/div>\n\t\t\t\t<div class=\"elementor-column elementor-col-50 elementor-top-column elementor-element elementor-element-98e0199\" data-id=\"98e0199\" data-element_type=\"column\">\n\t\t\t<div class=\"elementor-widget-wrap elementor-element-populated\">\n\t\t\t\t\t\t<div class=\"elementor-element elementor-element-7ad191e elementor-widget elementor-widget-image\" data-id=\"7ad191e\" data-element_type=\"widget\" data-widget_type=\"image.default\">\n\t\t\t\t<div class=\"elementor-widget-container\">\n\t\t\t\t\t\t\t\t\t\t\t\t\t\t\t<img loading=\"lazy\" decoding=\"async\" width=\"1024\" height=\"585\" src=\"https:\/\/aluminova.pl\/wp-content\/uploads\/2026\/03\/sciany-szklane-do-galerii-handlowej-witryny-1024x585.png\" class=\"attachment-large size-large wp-image-150878\" alt=\"\" srcset=\"https:\/\/aluminova.pl\/wp-content\/uploads\/2026\/03\/sciany-szklane-do-galerii-handlowej-witryny-1024x585.png 1024w, https:\/\/aluminova.pl\/wp-content\/uploads\/2026\/03\/sciany-szklane-do-galerii-handlowej-witryny-300x171.png 300w, https:\/\/aluminova.pl\/wp-content\/uploads\/2026\/03\/sciany-szklane-do-galerii-handlowej-witryny-768x439.png 768w, https:\/\/aluminova.pl\/wp-content\/uploads\/2026\/03\/sciany-szklane-do-galerii-handlowej-witryny-600x343.png 600w, https:\/\/aluminova.pl\/wp-content\/uploads\/2026\/03\/sciany-szklane-do-galerii-handlowej-witryny.png 1400w\" sizes=\"(max-width: 1024px) 100vw, 1024px\" title=\"\">\t\t\t\t\t\t\t\t\t\t\t\t\t\t\t<\/div>\n\t\t\t\t<\/div>\n\t\t\t\t<div class=\"elementor-element elementor-element-6d638dd elementor-widget elementor-widget-image\" data-id=\"6d638dd\" data-element_type=\"widget\" data-widget_type=\"image.default\">\n\t\t\t\t<div class=\"elementor-widget-container\">\n\t\t\t\t\t\t\t\t\t\t\t\t\t\t\t<img loading=\"lazy\" decoding=\"async\" width=\"1478\" height=\"477\" src=\"https:\/\/aluminova.pl\/wp-content\/uploads\/2026\/03\/mb45-sciany-wewnetrzne.png\" class=\"attachment-full size-full wp-image-150883\" alt=\"\" srcset=\"https:\/\/aluminova.pl\/wp-content\/uploads\/2026\/03\/mb45-sciany-wewnetrzne.png 1478w, https:\/\/aluminova.pl\/wp-content\/uploads\/2026\/03\/mb45-sciany-wewnetrzne-300x97.png 300w, https:\/\/aluminova.pl\/wp-content\/uploads\/2026\/03\/mb45-sciany-wewnetrzne-1024x330.png 1024w, https:\/\/aluminova.pl\/wp-content\/uploads\/2026\/03\/mb45-sciany-wewnetrzne-768x248.png 768w, https:\/\/aluminova.pl\/wp-content\/uploads\/2026\/03\/mb45-sciany-wewnetrzne-600x194.png 600w\" sizes=\"(max-width: 1478px) 100vw, 1478px\" title=\"\">\t\t\t\t\t\t\t\t\t\t\t\t\t\t\t<\/div>\n\t\t\t\t<\/div>\n\t\t\t\t\t<\/div>\n\t\t<\/div>\n\t\t\t\t\t<\/div>\n\t\t<\/section>\n\t\t\t\t<\/div>\n\t\t","protected":false},"excerpt":{"rendered":"<p>Systemy przeszkle\u0144 biurowych \u2013 nowoczesne \u015bciany szklane Nowoczesne biura wymagaj\u0105 przestrzeni, kt\u00f3ra jednocze\u015bnie zapewnia otwarto\u015b\u0107, \u015bwiat\u0142o i komfort pracy. Aluminiowe systemy \u015bcian wewn\u0119trznych umo\u017cliwiaj\u0105 szybkie i estetyczne wydzielenie pomieszcze\u0144 przy zachowaniu transparentno\u015bci i nowoczesnego designu. W naszej ofercie znajduj\u0105 si\u0119 trzy systemy zabudowy wewn\u0119trznej: MB-Harmony Office \u2013 minimalistyczne \u015bciany ca\u0142oszklane MB-80 Office \u2013 \u015bciany biurowe [&hellip;]<\/p>\n","protected":false},"author":1,"featured_media":0,"parent":0,"menu_order":0,"comment_status":"closed","ping_status":"closed","template":"","meta":{"_acf_changed":false,"footnotes":""},"class_list":["post-150876","page","type-page","status-publish","hentry"],"blocksy_meta":[],"acf":[],"_links":{"self":[{"href":"https:\/\/aluminova.pl\/en\/wp-json\/wp\/v2\/pages\/150876","targetHints":{"allow":["GET"]}}],"collection":[{"href":"https:\/\/aluminova.pl\/en\/wp-json\/wp\/v2\/pages"}],"about":[{"href":"https:\/\/aluminova.pl\/en\/wp-json\/wp\/v2\/types\/page"}],"author":[{"embeddable":true,"href":"https:\/\/aluminova.pl\/en\/wp-json\/wp\/v2\/users\/1"}],"replies":[{"embeddable":true,"href":"https:\/\/aluminova.pl\/en\/wp-json\/wp\/v2\/comments?post=150876"}],"version-history":[{"count":5,"href":"https:\/\/aluminova.pl\/en\/wp-json\/wp\/v2\/pages\/150876\/revisions"}],"predecessor-version":[{"id":150888,"href":"https:\/\/aluminova.pl\/en\/wp-json\/wp\/v2\/pages\/150876\/revisions\/150888"}],"wp:attachment":[{"href":"https:\/\/aluminova.pl\/en\/wp-json\/wp\/v2\/media?parent=150876"}],"curies":[{"name":"wp","href":"https:\/\/api.w.org\/{rel}","templated":true}]}}