{"id":149728,"date":"2024-02-07T19:28:15","date_gmt":"2024-02-07T18:28:15","guid":{"rendered":"https:\/\/aluminova.pl\/?page_id=149728"},"modified":"2025-12-28T20:32:24","modified_gmt":"2025-12-28T19:32:24","slug":"facades-en-aluminium","status":"publish","type":"page","link":"https:\/\/aluminova.pl\/fr\/fasady-aluminiowe\/","title":{"rendered":"Fa\u00e7ades en aluminium"},"content":{"rendered":"\t\t<div data-elementor-type=\"wp-page\" data-elementor-id=\"149728\" class=\"elementor elementor-149728\" data-elementor-post-type=\"page\">\n\t\t\t\t\t\t<section class=\"elementor-section elementor-top-section elementor-element elementor-element-3b69d86 elementor-section-height-full ct-section-stretched elementor-section-boxed elementor-section-height-default elementor-section-items-middle\" data-id=\"3b69d86\" data-element_type=\"section\" data-settings=\"{&quot;background_background&quot;:&quot;classic&quot;,&quot;background_motion_fx_motion_fx_scrolling&quot;:&quot;yes&quot;,&quot;background_motion_fx_translateY_effect&quot;:&quot;yes&quot;,&quot;background_motion_fx_translateY_speed&quot;:{&quot;unit&quot;:&quot;px&quot;,&quot;size&quot;:1.1,&quot;sizes&quot;:[]},&quot;background_motion_fx_translateY_affectedRange&quot;:{&quot;unit&quot;:&quot;%&quot;,&quot;size&quot;:&quot;&quot;,&quot;sizes&quot;:{&quot;start&quot;:0,&quot;end&quot;:100}},&quot;background_motion_fx_devices&quot;:[&quot;desktop&quot;,&quot;tablet&quot;,&quot;mobile&quot;]}\">\n\t\t\t\t\t\t<div class=\"elementor-container elementor-column-gap-no\">\n\t\t\t\t\t<div class=\"elementor-column elementor-col-100 elementor-top-column elementor-element elementor-element-ec11ded\" data-id=\"ec11ded\" data-element_type=\"column\">\n\t\t\t<div class=\"elementor-widget-wrap elementor-element-populated\">\n\t\t\t\t\t\t<section class=\"elementor-section elementor-inner-section elementor-element elementor-element-9b085e9 elementor-section-boxed elementor-section-height-default elementor-section-height-default\" data-id=\"9b085e9\" data-element_type=\"section\">\n\t\t\t\t\t\t<div class=\"elementor-container elementor-column-gap-wide\">\n\t\t\t\t\t<div class=\"elementor-column elementor-col-100 elementor-inner-column elementor-element elementor-element-5af2ac5 animated-fast elementor-invisible\" data-id=\"5af2ac5\" data-element_type=\"column\" data-settings=\"{&quot;animation&quot;:&quot;fadeInUp&quot;}\">\n\t\t\t<div class=\"elementor-widget-wrap elementor-element-populated\">\n\t\t\t\t\t\t<div class=\"elementor-element elementor-element-075b298 elementor-widget elementor-widget-spacer\" data-id=\"075b298\" data-element_type=\"widget\" data-widget_type=\"spacer.default\">\n\t\t\t\t<div class=\"elementor-widget-container\">\n\t\t\t\t\t\t\t<div class=\"elementor-spacer\">\n\t\t\t<div class=\"elementor-spacer-inner\"><\/div>\n\t\t<\/div>\n\t\t\t\t\t\t<\/div>\n\t\t\t\t<\/div>\n\t\t\t\t<div class=\"elementor-element elementor-element-3ea05ff elementor-widget elementor-widget-heading\" data-id=\"3ea05ff\" data-element_type=\"widget\" data-widget_type=\"heading.default\">\n\t\t\t\t<div class=\"elementor-widget-container\">\n\t\t\t\t\t<h2 class=\"elementor-heading-title elementor-size-default\">Fasady aluminiowe<\/h2>\t\t\t\t<\/div>\n\t\t\t\t<\/div>\n\t\t\t\t<div class=\"elementor-element elementor-element-02f26ac elementor-widget elementor-widget-spacer\" data-id=\"02f26ac\" data-element_type=\"widget\" data-widget_type=\"spacer.default\">\n\t\t\t\t<div class=\"elementor-widget-container\">\n\t\t\t\t\t\t\t<div class=\"elementor-spacer\">\n\t\t\t<div class=\"elementor-spacer-inner\"><\/div>\n\t\t<\/div>\n\t\t\t\t\t\t<\/div>\n\t\t\t\t<\/div>\n\t\t\t\t\t<\/div>\n\t\t<\/div>\n\t\t\t\t\t<\/div>\n\t\t<\/section>\n\t\t\t\t\t<\/div>\n\t\t<\/div>\n\t\t\t\t\t<\/div>\n\t\t<\/section>\n\t\t\t\t<section class=\"elementor-section elementor-top-section elementor-element elementor-element-440b8db elementor-section-content-middle elementor-section-boxed elementor-section-height-default elementor-section-height-default\" data-id=\"440b8db\" data-element_type=\"section\">\n\t\t\t\t\t\t<div class=\"elementor-container elementor-column-gap-default\">\n\t\t\t\t\t<div class=\"elementor-column elementor-col-50 elementor-top-column elementor-element elementor-element-1f9c8f4\" data-id=\"1f9c8f4\" data-element_type=\"column\">\n\t\t\t<div class=\"elementor-widget-wrap elementor-element-populated\">\n\t\t\t\t\t\t<div class=\"elementor-element elementor-element-125cd71 elementor-widget elementor-widget-image\" data-id=\"125cd71\" data-element_type=\"widget\" data-widget_type=\"image.default\">\n\t\t\t\t<div class=\"elementor-widget-container\">\n\t\t\t\t\t\t\t\t\t\t\t\t\t\t\t<img fetchpriority=\"high\" decoding=\"async\" width=\"681\" height=\"1024\" src=\"https:\/\/aluminova.pl\/wp-content\/uploads\/2024\/02\/pobrane-5-681x1024.jpeg\" class=\"attachment-large size-large wp-image-149735\" alt=\"\" srcset=\"https:\/\/aluminova.pl\/wp-content\/uploads\/2024\/02\/pobrane-5-681x1024.jpeg 681w, https:\/\/aluminova.pl\/wp-content\/uploads\/2024\/02\/pobrane-5-600x902.jpeg 600w, https:\/\/aluminova.pl\/wp-content\/uploads\/2024\/02\/pobrane-5-200x300.jpeg 200w, https:\/\/aluminova.pl\/wp-content\/uploads\/2024\/02\/pobrane-5.jpeg 736w\" sizes=\"(max-width: 681px) 100vw, 681px\" title=\"\">\t\t\t\t\t\t\t\t\t\t\t\t\t\t\t<\/div>\n\t\t\t\t<\/div>\n\t\t\t\t\t<\/div>\n\t\t<\/div>\n\t\t\t\t<div class=\"elementor-column elementor-col-50 elementor-top-column elementor-element elementor-element-6e416e6\" data-id=\"6e416e6\" data-element_type=\"column\">\n\t\t\t<div class=\"elementor-widget-wrap elementor-element-populated\">\n\t\t\t\t\t\t<div class=\"elementor-element elementor-element-ac053ea elementor-widget elementor-widget-text-editor\" data-id=\"ac053ea\" data-element_type=\"widget\" data-widget_type=\"text-editor.default\">\n\t\t\t\t<div class=\"elementor-widget-container\">\n\t\t\t\t\t\t\t\t\t<h3><strong>Aluminova &#8211; Tw\u00f3j Partner w Projektowaniu Fasad\u00a0<\/strong><\/h3><p><strong>Ponadczasowa Elegancja i Niezawodno\u015b\u0107 z Aluminova<\/strong><\/p><p>W Aluminova, dzi\u0119ki naszemu wieloletniemu do\u015bwiadczeniu, pasji i zaawansowanej wiedzy technicznej, specjalizujemy si\u0119 w projektowaniu, wykonaniu i monta\u017cu fasad aluminiowych dla dom\u00f3w i obiekt\u00f3w komercyjnych. Nasze rozwi\u0105zania s\u0105 synonimem innowacji, estetyki i funkcjonalno\u015bci, tworz\u0105c przestrzenie, kt\u00f3re nie tylko wygl\u0105daj\u0105 spektakularnie, ale s\u0105 r\u00f3wnie\u017c trwa\u0142e i efektywne energetycznie.<\/p><p>Niezale\u017cnie od tego, czy budujesz dom dla siebie, czy zarz\u0105dzasz projektowaniem obiektu komercyjnego, firma Aluminova jest Twoim niezawodnym partnerem w kwestii fasad aluminiowych. Nasze wieloletnie do\u015bwiadczenie oraz zaawansowane umiej\u0119tno\u015bci projektowania, wykonania i monta\u017cu zapewniaj\u0105 Ci nie tylko estetyczne i funkcjonalne rozwi\u0105zania, ale tak\u017ce trwa\u0142e i wytrzyma\u0142e konstrukcje.<\/p>\t\t\t\t\t\t\t\t<\/div>\n\t\t\t\t<\/div>\n\t\t\t\t\t<\/div>\n\t\t<\/div>\n\t\t\t\t\t<\/div>\n\t\t<\/section>\n\t\t\t\t<section class=\"elementor-section elementor-top-section elementor-element elementor-element-d95787e elementor-section-content-middle elementor-section-boxed elementor-section-height-default elementor-section-height-default\" data-id=\"d95787e\" data-element_type=\"section\">\n\t\t\t\t\t\t<div class=\"elementor-container elementor-column-gap-default\">\n\t\t\t\t\t<div class=\"elementor-column elementor-col-50 elementor-top-column elementor-element elementor-element-f956866\" data-id=\"f956866\" data-element_type=\"column\">\n\t\t\t<div class=\"elementor-widget-wrap elementor-element-populated\">\n\t\t\t\t\t\t<div class=\"elementor-element elementor-element-b68a42b elementor-widget elementor-widget-text-editor\" data-id=\"b68a42b\" data-element_type=\"widget\" data-widget_type=\"text-editor.default\">\n\t\t\t\t<div class=\"elementor-widget-container\">\n\t\t\t\t\t\t\t\t\t<h3><strong>Rodzaje Fasad Aluminiowych<\/strong><\/h3><p>W Aluminova oferujemy szeroki wyb\u00f3r fasad aluminiowych, w tym:<\/p><p><strong>Fasady Kurtynowe<\/strong>: Idealne do du\u017cych powierzchni przeszklonych, zapewniaj\u0105 maksymalne wykorzystanie \u015bwiat\u0142a naturalnego oraz nowoczesny wygl\u0105d.<\/p><p><strong>Fasady Wentylowane<\/strong>: Doskona\u0142e rozwi\u0105zanie dla budynk\u00f3w wymagaj\u0105cych dodatkowej izolacji termicznej i akustycznej.<\/p><p><strong>Panele Aluminiowe<\/strong>: Oferuj\u0105 nieograniczone mo\u017cliwo\u015bci w zakresie projektowania estetycznego fasad, dost\u0119pne w r\u00f3\u017cnych kolorach i wyko\u0144czeniach.<\/p>\t\t\t\t\t\t\t\t<\/div>\n\t\t\t\t<\/div>\n\t\t\t\t<div class=\"elementor-element elementor-element-5e4b455 elementor-widget elementor-widget-text-editor\" data-id=\"5e4b455\" data-element_type=\"widget\" data-widget_type=\"text-editor.default\">\n\t\t\t\t<div class=\"elementor-widget-container\">\n\t\t\t\t\t\t\t\t\t<h3><strong>Zalety Fasad Aluminiowych<\/strong><\/h3><p>Fasady aluminiowe oferowane przez Aluminova to nie tylko gwarancja estetyki na najwy\u017cszym poziomie, ale r\u00f3wnie\u017c szereg praktycznych korzy\u015bci:<\/p><ul><li><strong>Trwa\u0142o\u015b\u0107 i Odporno\u015b\u0107 na Warunki Atmosferyczne<\/strong>: Aluminiowe fasady s\u0105 odporne na korozj\u0119, zmiany temperatury oraz dzia\u0142anie wilgoci, co gwarantuje ich d\u0142ugowieczno\u015b\u0107.<\/li><li><strong>Energooszcz\u0119dno\u015b\u0107<\/strong>: Nasze rozwi\u0105zania zapewniaj\u0105 doskona\u0142\u0105 izolacj\u0119 termiczn\u0105, co przek\u0142ada si\u0119 na ni\u017csze koszty ogrzewania i ch\u0142odzenia budynk\u00f3w.<\/li><li><strong>Estetyka i Wszechstronno\u015b\u0107<\/strong>: Dzi\u0119ki nowoczesnym technologiom mo\u017cliwe jest wykonanie fasad w r\u00f3\u017cnorodnych kolorach i kszta\u0142tach, co pozwala na stworzenie unikalnego wygl\u0105du ka\u017cdej nieruchomo\u015bci.<\/li><li><strong>Ekologiczno\u015b\u0107<\/strong>: Aluminium jest materia\u0142em w pe\u0142ni recyklingowym, co czyni nasze fasady przyjaznymi dla \u015brodowiska.<\/li><\/ul>\t\t\t\t\t\t\t\t<\/div>\n\t\t\t\t<\/div>\n\t\t\t\t\t<\/div>\n\t\t<\/div>\n\t\t\t\t<div class=\"elementor-column elementor-col-50 elementor-top-column elementor-element elementor-element-df07fdc\" data-id=\"df07fdc\" data-element_type=\"column\">\n\t\t\t<div class=\"elementor-widget-wrap elementor-element-populated\">\n\t\t\t\t\t\t<div class=\"elementor-element elementor-element-1347982 elementor-widget elementor-widget-image\" data-id=\"1347982\" data-element_type=\"widget\" data-widget_type=\"image.default\">\n\t\t\t\t<div class=\"elementor-widget-container\">\n\t\t\t\t\t\t\t\t\t\t\t\t\t\t\t<img decoding=\"async\" width=\"736\" height=\"977\" src=\"https:\/\/aluminova.pl\/wp-content\/uploads\/2024\/02\/1.jpeg\" class=\"attachment-large size-large wp-image-149737\" alt=\"\" srcset=\"https:\/\/aluminova.pl\/wp-content\/uploads\/2024\/02\/1.jpeg 736w, https:\/\/aluminova.pl\/wp-content\/uploads\/2024\/02\/1-600x796.jpeg 600w, https:\/\/aluminova.pl\/wp-content\/uploads\/2024\/02\/1-226x300.jpeg 226w\" sizes=\"(max-width: 736px) 100vw, 736px\" title=\"\">\t\t\t\t\t\t\t\t\t\t\t\t\t\t\t<\/div>\n\t\t\t\t<\/div>\n\t\t\t\t\t<\/div>\n\t\t<\/div>\n\t\t\t\t\t<\/div>\n\t\t<\/section>\n\t\t\t\t<section class=\"elementor-section elementor-top-section elementor-element elementor-element-0741b4f elementor-section-content-middle elementor-section-boxed elementor-section-height-default elementor-section-height-default\" data-id=\"0741b4f\" data-element_type=\"section\">\n\t\t\t\t\t\t<div class=\"elementor-container elementor-column-gap-default\">\n\t\t\t\t\t<div class=\"elementor-column elementor-col-50 elementor-top-column elementor-element elementor-element-64dfa0f\" data-id=\"64dfa0f\" data-element_type=\"column\">\n\t\t\t<div class=\"elementor-widget-wrap elementor-element-populated\">\n\t\t\t\t\t\t<div class=\"elementor-element elementor-element-ffaa3f9 elementor-widget elementor-widget-image\" data-id=\"ffaa3f9\" data-element_type=\"widget\" data-widget_type=\"image.default\">\n\t\t\t\t<div class=\"elementor-widget-container\">\n\t\t\t\t\t\t\t\t\t\t\t\t\t\t\t<img decoding=\"async\" width=\"683\" height=\"1024\" src=\"https:\/\/aluminova.pl\/wp-content\/uploads\/2024\/02\/Untitled-1-683x1024.jpeg\" class=\"attachment-large size-large wp-image-149734\" alt=\"\" srcset=\"https:\/\/aluminova.pl\/wp-content\/uploads\/2024\/02\/Untitled-1-683x1024.jpeg 683w, https:\/\/aluminova.pl\/wp-content\/uploads\/2024\/02\/Untitled-1-600x899.jpeg 600w, https:\/\/aluminova.pl\/wp-content\/uploads\/2024\/02\/Untitled-1-200x300.jpeg 200w, https:\/\/aluminova.pl\/wp-content\/uploads\/2024\/02\/Untitled-1.jpeg 736w\" sizes=\"(max-width: 683px) 100vw, 683px\" title=\"\">\t\t\t\t\t\t\t\t\t\t\t\t\t\t\t<\/div>\n\t\t\t\t<\/div>\n\t\t\t\t\t<\/div>\n\t\t<\/div>\n\t\t\t\t<div class=\"elementor-column elementor-col-50 elementor-top-column elementor-element elementor-element-4bde49c\" data-id=\"4bde49c\" data-element_type=\"column\">\n\t\t\t<div class=\"elementor-widget-wrap elementor-element-populated\">\n\t\t\t\t\t\t<div class=\"elementor-element elementor-element-5597503 elementor-widget elementor-widget-text-editor\" data-id=\"5597503\" data-element_type=\"widget\" data-widget_type=\"text-editor.default\">\n\t\t\t\t<div class=\"elementor-widget-container\">\n\t\t\t\t\t\t\t\t\t<h3>Ile to kosztuje?<\/h3><p>Ceny fasad aluminiowych mog\u0105 si\u0119 znacznie r\u00f3\u017cni\u0107 w zale\u017cno\u015bci od wielu czynnik\u00f3w, takich jak rodzaj fasady, wymiary, specyfikacje techniczne, z\u0142o\u017cono\u015b\u0107 projektu, a tak\u017ce koszty pracy w danym regionie. Ceny mog\u0105 waha\u0107 si\u0119 od kilkuset z\u0142otych za metr kwadratowy dla prostych system\u00f3w fasadowych, do kilku tysi\u0119cy z\u0142otych za metr kwadratowy w przypadku zaawansowanych rozwi\u0105za\u0144 zastosowanych w budynkach wysokiej klasy lub wymagaj\u0105cych specjalnych rozwi\u0105za\u0144 projektowych.<\/p><p>Poniewa\u017c koszt konkretnego projektu fasady aluminiowej jest bardzo indywidualny, najlepszym sposobem na uzyskanie dok\u0142adnej wyceny jest bezpo\u015bredni kontakt z firm\u0105 oferuj\u0105c\u0105 te us\u0142ugi, tak\u0105 jak Aluminova, aby przedyskutowa\u0107 szczeg\u00f3\u0142y projektu. Firma ta mo\u017ce zaoferowa\u0107 wst\u0119pn\u0105 konsultacj\u0119, podczas kt\u00f3rej om\u00f3wione zostan\u0105 Twoje potrzeby i oczekiwania, a nast\u0119pnie przedstawi\u0107 szczeg\u00f3\u0142ow\u0105 ofert\u0119 cenow\u0105 dostosowan\u0105 do Twojego projektu.<\/p><p>\u00a0<\/p><h3><strong>Dlaczego Aluminova?<\/strong><\/h3><p>Wybieraj\u0105c Aluminova, decydujesz si\u0119 na partnera, kt\u00f3ry rozumie, \u017ce fasada to wi\u0119cej ni\u017c tylko zewn\u0119trzna pow\u0142oka budynku. To kluczowy element definiuj\u0105cy charakter i funkcjonalno\u015b\u0107 ca\u0142ej nieruchomo\u015bci. Dzi\u0119ki naszemu do\u015bwiadczeniu, kreatywno\u015bci i zaanga\u017cowaniu w ka\u017cdy projekt, jeste\u015bmy w stanie zaprojektowa\u0107, wykona\u0107 i zainstalowa\u0107 fasady, kt\u00f3re spe\u0142niaj\u0105 najwy\u017csze standardy estetyki, trwa\u0142o\u015bci i efektywno\u015bci energetycznej.<\/p><p>Skontaktuj si\u0119 z nami ju\u017c dzi\u015b, aby dowiedzie\u0107 si\u0119, jak mo\u017cemy pom\u00f3c przekszta\u0142ci\u0107 Twoj\u0105 nieruchomo\u015b\u0107 w arcydzie\u0142o nowoczesnej architektury z wykorzystaniem najlepszych fasad aluminiowych na rynku. Aluminova &#8211; tam, gdzie innowacja spotyka si\u0119 z estetyk\u0105.<\/p>\t\t\t\t\t\t\t\t<\/div>\n\t\t\t\t<\/div>\n\t\t\t\t\t<\/div>\n\t\t<\/div>\n\t\t\t\t\t<\/div>\n\t\t<\/section>\n\t\t\t\t<\/div>\n\t\t","protected":false},"excerpt":{"rendered":"<p>Aluminova &#8211; Tw\u00f3j Partner w Projektowaniu Fasad\u00a0 Ponadczasowa Elegancja i Niezawodno\u015b\u0107 z Aluminova W Aluminova, dzi\u0119ki naszemu wieloletniemu do\u015bwiadczeniu, pasji i zaawansowanej wiedzy technicznej, specjalizujemy si\u0119 w projektowaniu, wykonaniu i monta\u017cu fasad aluminiowych dla dom\u00f3w i obiekt\u00f3w komercyjnych. Nasze rozwi\u0105zania s\u0105 synonimem innowacji, estetyki i funkcjonalno\u015bci, tworz\u0105c przestrzenie, kt\u00f3re nie tylko wygl\u0105daj\u0105 spektakularnie, ale s\u0105 [&hellip;]<\/p>\n","protected":false},"author":1,"featured_media":0,"parent":0,"menu_order":0,"comment_status":"closed","ping_status":"closed","template":"","meta":{"_acf_changed":false,"footnotes":""},"class_list":["post-149728","page","type-page","status-publish","hentry"],"blocksy_meta":[],"acf":[],"_links":{"self":[{"href":"https:\/\/aluminova.pl\/fr\/wp-json\/wp\/v2\/pages\/149728","targetHints":{"allow":["GET"]}}],"collection":[{"href":"https:\/\/aluminova.pl\/fr\/wp-json\/wp\/v2\/pages"}],"about":[{"href":"https:\/\/aluminova.pl\/fr\/wp-json\/wp\/v2\/types\/page"}],"author":[{"embeddable":true,"href":"https:\/\/aluminova.pl\/fr\/wp-json\/wp\/v2\/users\/1"}],"replies":[{"embeddable":true,"href":"https:\/\/aluminova.pl\/fr\/wp-json\/wp\/v2\/comments?post=149728"}],"version-history":[{"count":8,"href":"https:\/\/aluminova.pl\/fr\/wp-json\/wp\/v2\/pages\/149728\/revisions"}],"predecessor-version":[{"id":150319,"href":"https:\/\/aluminova.pl\/fr\/wp-json\/wp\/v2\/pages\/149728\/revisions\/150319"}],"wp:attachment":[{"href":"https:\/\/aluminova.pl\/fr\/wp-json\/wp\/v2\/media?parent=149728"}],"curies":[{"name":"wp","href":"https:\/\/api.w.org\/{rel}","templated":true}]}}